{"id":3394,"date":"2024-09-13T21:07:12","date_gmt":"2024-09-13T19:07:12","guid":{"rendered":"https:\/\/touzeau.swiss\/?page_id=3394"},"modified":"2025-11-09T03:20:01","modified_gmt":"2025-11-09T01:20:01","slug":"wish-list","status":"publish","type":"page","link":"https:\/\/touzeau.swiss\/en\/liste-de-souhaits","title":{"rendered":"Wish list"},"content":{"rendered":"<div data-elementor-type=\"wp-page\" data-elementor-id=\"3394\" class=\"elementor elementor-3394\" data-elementor-post-type=\"page\">\n\t\t\t\t<div class=\"elementor-element elementor-element-5a1a557 e-flex e-con-boxed e-con e-parent\" data-id=\"5a1a557\" data-element_type=\"container\" data-e-type=\"container\">\n\t\t\t\t\t<div class=\"e-con-inner\">\n\t\t\t\t<div class=\"elementor-element elementor-element-c65a6c0 exad-sticky-section-no exad-glass-effect-no elementor-widget elementor-widget-jet-wishlist\" data-id=\"c65a6c0\" data-element_type=\"widget\" data-e-type=\"widget\" data-widget_type=\"jet-wishlist.default\">\n\t\t\t\t<div class=\"elementor-widget-container\">\n\t\t\t\t\t<div class=\"jet-cw jet-wishlist\">\t\t\t<div class=\"jet-wishlist__content woocommerce jet-wishlist-products--preset-3\" data-widget-type=\"jet-wishlist\" data-widget-id=\"c65a6c0\">\n\t\t\t\t<h5 class=\"jet-wishlist-empty\">You can add products to your wish list by browsing the shop.<\/h5>\n\t\t\t<\/div>\n\t\t\t<\/div>\t\t\t\t<\/div>\n\t\t\t\t<\/div>\n\t\t\t\t\t<\/div>\n\t\t\t\t<\/div>\n\t\t\t\t<\/div>","protected":false},"excerpt":{"rendered":"<p>\u00c9l\u00e9phant Savana Petit Mod\u00e8le 1\u2032730.00&nbsp;&#067;&#072;&#070; Lire la suite Poisson Platax Moyen Mod\u00e8le 1\u2032550.00&nbsp;&#067;&#072;&#070; Lire la suite Doudours 1\u2032020.00&nbsp;&#067;&#072;&#070; Lire la suite Fleur D\u00e9corative Cam\u00e9lia 500.00&nbsp;&#067;&#072;&#070; Lire la suite Coupe Moyen Mod\u00e8le Fleur de Paon 2\u2032600.00&nbsp;&#067;&#072;&#070; Ajouter au panier Cr\u00e8me de soin pour argenterie 35.00&nbsp;&#067;&#072;&#070; Lire la suite Vase An\u00e9mones Grand Mod\u00e8le 24\u2032000.00&nbsp;&#067;&#072;&#070; Ajouter au panier [&hellip;]<\/p>\n","protected":false},"author":1,"featured_media":15141,"parent":0,"menu_order":0,"comment_status":"closed","ping_status":"closed","template":"","meta":{"_acf_changed":false,"footnotes":""},"class_list":["post-3394","page","type-page","status-publish","has-post-thumbnail","hentry"],"acf":[],"yoast_head":"<!-- This site is optimized with the Yoast SEO plugin v27.4 - https:\/\/yoast.com\/product\/yoast-seo-wordpress\/ -->\n<title>Liste de souhaits - Monique Touzeau Arts de la Table et D\u00e9coration \u00e0 Gen\u00e8ve<\/title>\n<meta name=\"description\" content=\"Cr\u00e9ez votre liste de souhaits chez Monique Touzeau \u00e0 Gen\u00e8ve. S\u00e9lectionnez vos articles pr\u00e9f\u00e9r\u00e9s en arts de la table et d\u00e9coration.\" \/>\n<meta name=\"robots\" content=\"index, follow, max-snippet:-1, max-image-preview:large, max-video-preview:-1\" \/>\n<link rel=\"canonical\" href=\"https:\/\/touzeau.swiss\/en\/wish-list\/\" \/>\n<meta property=\"og:locale\" content=\"en_GB\" \/>\n<meta property=\"og:type\" content=\"article\" \/>\n<meta property=\"og:title\" content=\"Liste de souhaits - Monique Touzeau Arts de la Table et D\u00e9coration \u00e0 Gen\u00e8ve\" \/>\n<meta property=\"og:description\" content=\"Cr\u00e9ez votre liste de souhaits chez Monique Touzeau \u00e0 Gen\u00e8ve. S\u00e9lectionnez vos articles pr\u00e9f\u00e9r\u00e9s en arts de la table et d\u00e9coration.\" \/>\n<meta property=\"og:url\" content=\"https:\/\/touzeau.swiss\/en\/wish-list\/\" \/>\n<meta property=\"og:site_name\" content=\"Touzeau Arts de la Table\" \/>\n<meta property=\"article:modified_time\" content=\"2025-11-09T01:20:01+00:00\" \/>\n<meta property=\"og:image\" content=\"https:\/\/touzeau.swiss\/wp-content\/uploads\/2025\/09\/00008.webp\" \/>\n\t<meta property=\"og:image:width\" content=\"150\" \/>\n\t<meta property=\"og:image:height\" content=\"150\" \/>\n\t<meta property=\"og:image:type\" content=\"image\/webp\" \/>\n<meta name=\"twitter:card\" content=\"summary_large_image\" \/>\n<meta name=\"twitter:label1\" content=\"Estimated reading time\" \/>\n\t<meta name=\"twitter:data1\" content=\"3 minutes\" \/>\n<script type=\"application\/ld+json\" class=\"yoast-schema-graph\">{\"@context\":\"https:\\\/\\\/schema.org\",\"@graph\":[{\"@type\":\"WebPage\",\"@id\":\"https:\\\/\\\/touzeau.swiss\\\/liste-de-souhaits\",\"url\":\"https:\\\/\\\/touzeau.swiss\\\/liste-de-souhaits\",\"name\":\"Liste de souhaits - Monique Touzeau Arts de la Table et D\u00e9coration \u00e0 Gen\u00e8ve\",\"isPartOf\":{\"@id\":\"https:\\\/\\\/touzeau.swiss\\\/#website\"},\"primaryImageOfPage\":{\"@id\":\"https:\\\/\\\/touzeau.swiss\\\/liste-de-souhaits#primaryimage\"},\"image\":{\"@id\":\"https:\\\/\\\/touzeau.swiss\\\/liste-de-souhaits#primaryimage\"},\"thumbnailUrl\":\"https:\\\/\\\/touzeau.swiss\\\/wp-content\\\/uploads\\\/2025\\\/09\\\/00008.webp\",\"datePublished\":\"2024-09-13T19:07:12+00:00\",\"dateModified\":\"2025-11-09T01:20:01+00:00\",\"description\":\"Cr\u00e9ez votre liste de souhaits chez Monique Touzeau \u00e0 Gen\u00e8ve. S\u00e9lectionnez vos articles pr\u00e9f\u00e9r\u00e9s en arts de la table et d\u00e9coration.\",\"breadcrumb\":{\"@id\":\"https:\\\/\\\/touzeau.swiss\\\/liste-de-souhaits#breadcrumb\"},\"inLanguage\":\"en-GB\",\"potentialAction\":[{\"@type\":\"ReadAction\",\"target\":[\"https:\\\/\\\/touzeau.swiss\\\/liste-de-souhaits\"]}]},{\"@type\":\"ImageObject\",\"inLanguage\":\"en-GB\",\"@id\":\"https:\\\/\\\/touzeau.swiss\\\/liste-de-souhaits#primaryimage\",\"url\":\"https:\\\/\\\/touzeau.swiss\\\/wp-content\\\/uploads\\\/2025\\\/09\\\/00008.webp\",\"contentUrl\":\"https:\\\/\\\/touzeau.swiss\\\/wp-content\\\/uploads\\\/2025\\\/09\\\/00008.webp\",\"width\":150,\"height\":150},{\"@type\":\"BreadcrumbList\",\"@id\":\"https:\\\/\\\/touzeau.swiss\\\/liste-de-souhaits#breadcrumb\",\"itemListElement\":[{\"@type\":\"ListItem\",\"position\":1,\"name\":\"Accueil\",\"item\":\"https:\\\/\\\/touzeau.swiss\\\/\"},{\"@type\":\"ListItem\",\"position\":2,\"name\":\"Liste de souhaits\"}]},{\"@type\":\"WebSite\",\"@id\":\"https:\\\/\\\/touzeau.swiss\\\/#website\",\"url\":\"https:\\\/\\\/touzeau.swiss\\\/\",\"name\":\"Touzeau Arts de la Table\",\"description\":\"\",\"potentialAction\":[{\"@type\":\"SearchAction\",\"target\":{\"@type\":\"EntryPoint\",\"urlTemplate\":\"https:\\\/\\\/touzeau.swiss\\\/?s={search_term_string}\"},\"query-input\":{\"@type\":\"PropertyValueSpecification\",\"valueRequired\":true,\"valueName\":\"search_term_string\"}}],\"inLanguage\":\"en-GB\"}]}<\/script>\n<!-- \/ Yoast SEO plugin. -->","yoast_head_json":{"title":"Wish List - Monique Touzeau Arts de la Table et D\u00e9coration \u00e0 Gen\u00e8ve","description":"Create your wish list at Monique Touzeau in Geneva. Select your favourite tableware and decorative items.","robots":{"index":"index","follow":"follow","max-snippet":"max-snippet:-1","max-image-preview":"max-image-preview:large","max-video-preview":"max-video-preview:-1"},"canonical":"https:\/\/touzeau.swiss\/en\/wish-list\/","og_locale":"en_GB","og_type":"article","og_title":"Liste de souhaits - Monique Touzeau Arts de la Table et D\u00e9coration \u00e0 Gen\u00e8ve","og_description":"Cr\u00e9ez votre liste de souhaits chez Monique Touzeau \u00e0 Gen\u00e8ve. S\u00e9lectionnez vos articles pr\u00e9f\u00e9r\u00e9s en arts de la table et d\u00e9coration.","og_url":"https:\/\/touzeau.swiss\/en\/wish-list\/","og_site_name":"Touzeau Arts de la Table","article_modified_time":"2025-11-09T01:20:01+00:00","og_image":[{"width":150,"height":150,"url":"https:\/\/touzeau.swiss\/wp-content\/uploads\/2025\/09\/00008.webp","type":"image\/webp"}],"twitter_card":"summary_large_image","twitter_misc":{"Estimated reading time":"3 minutes"},"schema":{"@context":"https:\/\/schema.org","@graph":[{"@type":"WebPage","@id":"https:\/\/touzeau.swiss\/liste-de-souhaits","url":"https:\/\/touzeau.swiss\/liste-de-souhaits","name":"Wish List - Monique Touzeau Arts de la Table et D\u00e9coration \u00e0 Gen\u00e8ve","isPartOf":{"@id":"https:\/\/touzeau.swiss\/#website"},"primaryImageOfPage":{"@id":"https:\/\/touzeau.swiss\/liste-de-souhaits#primaryimage"},"image":{"@id":"https:\/\/touzeau.swiss\/liste-de-souhaits#primaryimage"},"thumbnailUrl":"https:\/\/touzeau.swiss\/wp-content\/uploads\/2025\/09\/00008.webp","datePublished":"2024-09-13T19:07:12+00:00","dateModified":"2025-11-09T01:20:01+00:00","description":"Create your wish list at Monique Touzeau in Geneva. Select your favourite tableware and decorative items.","breadcrumb":{"@id":"https:\/\/touzeau.swiss\/liste-de-souhaits#breadcrumb"},"inLanguage":"en-GB","potentialAction":[{"@type":"ReadAction","target":["https:\/\/touzeau.swiss\/liste-de-souhaits"]}]},{"@type":"ImageObject","inLanguage":"en-GB","@id":"https:\/\/touzeau.swiss\/liste-de-souhaits#primaryimage","url":"https:\/\/touzeau.swiss\/wp-content\/uploads\/2025\/09\/00008.webp","contentUrl":"https:\/\/touzeau.swiss\/wp-content\/uploads\/2025\/09\/00008.webp","width":150,"height":150},{"@type":"BreadcrumbList","@id":"https:\/\/touzeau.swiss\/liste-de-souhaits#breadcrumb","itemListElement":[{"@type":"ListItem","position":1,"name":"Accueil","item":"https:\/\/touzeau.swiss\/"},{"@type":"ListItem","position":2,"name":"Liste de souhaits"}]},{"@type":"WebSite","@id":"https:\/\/touzeau.swiss\/#website","url":"https:\/\/touzeau.swiss\/","name":"Touzeau Tableware","description":"","potentialAction":[{"@type":"SearchAction","target":{"@type":"EntryPoint","urlTemplate":"https:\/\/touzeau.swiss\/?s={search_term_string}"},"query-input":{"@type":"PropertyValueSpecification","valueRequired":true,"valueName":"search_term_string"}}],"inLanguage":"en-GB"}]}},"_links":{"self":[{"href":"https:\/\/touzeau.swiss\/en\/wp-json\/wp\/v2\/pages\/3394","targetHints":{"allow":["GET"]}}],"collection":[{"href":"https:\/\/touzeau.swiss\/en\/wp-json\/wp\/v2\/pages"}],"about":[{"href":"https:\/\/touzeau.swiss\/en\/wp-json\/wp\/v2\/types\/page"}],"author":[{"embeddable":true,"href":"https:\/\/touzeau.swiss\/en\/wp-json\/wp\/v2\/users\/1"}],"replies":[{"embeddable":true,"href":"https:\/\/touzeau.swiss\/en\/wp-json\/wp\/v2\/comments?post=3394"}],"version-history":[{"count":245,"href":"https:\/\/touzeau.swiss\/en\/wp-json\/wp\/v2\/pages\/3394\/revisions"}],"predecessor-version":[{"id":18971,"href":"https:\/\/touzeau.swiss\/en\/wp-json\/wp\/v2\/pages\/3394\/revisions\/18971"}],"wp:featuredmedia":[{"embeddable":true,"href":"https:\/\/touzeau.swiss\/en\/wp-json\/wp\/v2\/media\/15141"}],"wp:attachment":[{"href":"https:\/\/touzeau.swiss\/en\/wp-json\/wp\/v2\/media?parent=3394"}],"curies":[{"name":"wp","href":"https:\/\/api.w.org\/{rel}","templated":true}]}}