{"id":581,"date":"2024-08-24T17:26:57","date_gmt":"2024-08-24T15:26:57","guid":{"rendered":"https:\/\/touzeau.swiss\/?page_id=581"},"modified":"2025-12-31T16:17:20","modified_gmt":"2025-12-31T14:17:20","slug":"my-account","status":"publish","type":"page","link":"https:\/\/touzeau.swiss\/en\/mon-compte","title":{"rendered":"My Account"},"content":{"rendered":"\t\t<div data-elementor-type=\"wp-page\" data-elementor-id=\"581\" class=\"elementor elementor-581\" data-elementor-post-type=\"page\">\n\t\t\t\t<div class=\"elementor-element elementor-element-0f599d3 e-flex e-con-boxed e-con e-parent\" data-id=\"0f599d3\" data-element_type=\"container\" data-e-type=\"container\">\n\t\t\t\t\t<div class=\"e-con-inner\">\n\t\t\t\t<div class=\"elementor-element elementor-element-58ac50e animated-fast breadc-mob exad-sticky-section-no exad-glass-effect-no elementor-invisible elementor-widget elementor-widget-woocommerce-breadcrumb\" data-id=\"58ac50e\" data-element_type=\"widget\" data-e-type=\"widget\" data-settings=\"{&quot;_animation&quot;:&quot;fadeInLeft&quot;}\" data-widget_type=\"woocommerce-breadcrumb.default\">\n\t\t\t\t<div class=\"elementor-widget-container\">\n\t\t\t\t\t<nav class=\"woocommerce-breadcrumb\" aria-label=\"Breadcrumb\"><\/nav>\t\t\t\t<\/div>\n\t\t\t\t<\/div>\n\t\t\t\t\t<\/div>\n\t\t\t\t<\/div>\n\t\t<div class=\"elementor-element elementor-element-ec5970f animated-fast e-flex e-con-boxed elementor-invisible e-con e-parent\" data-id=\"ec5970f\" data-element_type=\"container\" data-e-type=\"container\" data-settings=\"{&quot;animation&quot;:&quot;fadeIn&quot;}\">\n\t\t\t\t\t<div class=\"e-con-inner\">\n\t\t\t\t<div class=\"elementor-element elementor-element-eadc68c e-my-account-tabs-vertical exad-sticky-section-no exad-glass-effect-no elementor-widget elementor-widget-woocommerce-my-account\" data-id=\"eadc68c\" data-element_type=\"widget\" data-e-type=\"widget\" data-settings=\"{&quot;customize_dashboard_check&quot;:&quot;yes&quot;}\" data-widget_type=\"woocommerce-my-account.default\">\n\t\t\t\t<div class=\"elementor-widget-container\">\n\t\t\t\t\t<div class=\"e-my-account-tab e-my-account-tab__ \">\t\t\t<div class=\"woocommerce\"><\/div>\t\t<\/div>\n\t\t\t\t\t\t<\/div>\n\t\t\t\t<\/div>\n\t\t\t\t\t<\/div>\n\t\t\t\t<\/div>\n\t\t<div class=\"elementor-element elementor-element-34cbeff elementor-hidden-desktop elementor-hidden-tablet elementor-hidden-mobile e-flex e-con-boxed e-con e-parent\" data-id=\"34cbeff\" data-element_type=\"container\" data-e-type=\"container\">\n\t\t\t\t\t<div class=\"e-con-inner\">\n\t\t\t\t<div class=\"elementor-element elementor-element-3809742 exad-sticky-section-no exad-glass-effect-no elementor-widget elementor-widget-html\" data-id=\"3809742\" data-element_type=\"widget\" data-e-type=\"widget\" data-widget_type=\"html.default\">\n\t\t\t\t<div class=\"elementor-widget-container\">\n\t\t\t\t\t<script>\n(function(){\n  function norm(s){\n    return (s||'').replace(\/\\s+\/g,' ').trim().toLowerCase()\n      .normalize('NFD').replace(\/[\\u0300-\\u036f]\/g,''); \/\/ vire accents\n  }\n\n  const dict = {\n    pending:   ['en attente','pending','on hold','in attesa','in sospeso','pendiente','wartend','attente'],\n    completed: ['terminee','termin\u00e9e','completed','completado','completato','abgeschlossen','done','finalisee','finalis\u00e9e'],\n    cancelled: ['annulee','annul\u00e9e','cancelled','canceled','cancelado','annullato','storniert']\n  };\n\n  function detect(text){\n    const t = norm(text);\n    for (const [k, arr] of Object.entries(dict)){\n      if (arr.some(w => t.includes(w))) return k;\n    }\n    return null;\n  }\n\n  function apply(){\n    document.querySelectorAll('.woocommerce-orders-table__cell-order-status').forEach(td=>{\n      \/\/ \u00e9vite double wrap\n      if (td.querySelector('.order-status-chip')) return;\n\n      const raw = td.textContent;\n      const status = detect(raw);\n\n      \/\/ wrap\n      const span = document.createElement('span');\n      span.className = 'order-status-chip';\n      span.textContent = raw.trim();\n      td.textContent = ''; \/\/ clear\n      td.appendChild(span);\n\n      if (status) span.classList.add('is-'+status);\n    });\n  }\n\n  document.addEventListener('DOMContentLoaded', apply);\n  window.addEventListener('load', ()=>setTimeout(apply, 50));\n})();\n<\/script>\n\t\t\t\t<\/div>\n\t\t\t\t<\/div>\n\t\t\t\t<div class=\"elementor-element elementor-element-bbfb7a8 exad-sticky-section-no exad-glass-effect-no elementor-widget elementor-widget-html\" data-id=\"bbfb7a8\" data-element_type=\"widget\" data-e-type=\"widget\" data-widget_type=\"html.default\">\n\t\t\t\t<div class=\"elementor-widget-container\">\n\t\t\t\t\t<script>\n    add_filter( 'woocommerce_my_account_my_address_description', function( $description, $load_address ) {\n    \/\/ $load_address peut \u00eatre 'billing' ou 'shipping'\n    return '';\n}, 10, 2 );\n\nadd_filter( 'woocommerce_my_account_edit_address_title', function( $title, $load_address ) {\n    \/\/ Forcer le texte tout en laissant TranslatePress traduire\n    return __( 'Modify', 'woocommerce' ); \/\/ mot cl\u00e9 qui sera traduit par TranslatePress\n}, 10, 2 );\n\n<\/script>\t\t\t\t<\/div>\n\t\t\t\t<\/div>\n\t\t\t\t<div class=\"elementor-element elementor-element-58a2fe9 exad-sticky-section-no exad-glass-effect-no elementor-widget elementor-widget-html\" data-id=\"58a2fe9\" data-element_type=\"widget\" data-e-type=\"widget\" data-widget_type=\"html.default\">\n\t\t\t\t<div class=\"elementor-widget-container\">\n\t\t\t\t\t<script>\njQuery(function($){\n  $('.woocommerce-Address-title .edit').each(function(){\n    let txt = $(this).text();\n    txt = txt.replace(' Adresse de facturation', '');\n    txt = txt.replace(' Adresse de livraison', '');\n    $(this).text(txt);\n  });\n});\n\n<\/script>\t\t\t\t<\/div>\n\t\t\t\t<\/div>\n\t\t\t\t\t<\/div>\n\t\t\t\t<\/div>\n\t\t\t\t<\/div>\n\t\t","protected":false},"excerpt":{"rendered":"<p>Commandes Adresses Informations personnelles D\u00e9connexion Bonjour Jussara L\u00fcthi (vous n\u2019\u00eates pas Jussara L\u00fcthi\u00a0? D\u00e9connexion) \u00c0 partir du tableau de bord de votre compte, vous pouvez visualiser vos commandes r\u00e9centes, g\u00e9rer vos adresses de livraison et de facturation ainsi que changer votre mot de passe et les d\u00e9tails de votre compte.<\/p>","protected":false},"author":1,"featured_media":15142,"parent":0,"menu_order":0,"comment_status":"closed","ping_status":"closed","template":"","meta":{"_acf_changed":false,"footnotes":""},"class_list":["post-581","page","type-page","status-publish","has-post-thumbnail","hentry"],"acf":[],"yoast_head":"<!-- This site is optimized with the Yoast SEO plugin v27.3 - https:\/\/yoast.com\/product\/yoast-seo-wordpress\/ -->\n<title>Mon compte - Touzeau, Arts de la Table et D\u00e9coration Gen\u00e8ve<\/title>\n<meta name=\"description\" content=\"Acc\u00e9dez \u00e0 votre compte Monique Touzeau \u00e0 Gen\u00e8ve pour suivre vos commandes et g\u00e9rer vos informations personnelles en toute simplicit\u00e9.\" \/>\n<meta name=\"robots\" content=\"index, follow, max-snippet:-1, max-image-preview:large, max-video-preview:-1\" \/>\n<link rel=\"canonical\" href=\"https:\/\/touzeau.swiss\/en\/my-account\/\" \/>\n<meta property=\"og:locale\" content=\"en_GB\" \/>\n<meta property=\"og:type\" content=\"article\" \/>\n<meta property=\"og:title\" content=\"Mon compte - Touzeau, Arts de la Table et D\u00e9coration Gen\u00e8ve\" \/>\n<meta property=\"og:description\" content=\"Acc\u00e9dez \u00e0 votre compte Monique Touzeau \u00e0 Gen\u00e8ve pour suivre vos commandes et g\u00e9rer vos informations personnelles en toute simplicit\u00e9.\" \/>\n<meta property=\"og:url\" content=\"https:\/\/touzeau.swiss\/en\/my-account\/\" \/>\n<meta property=\"og:site_name\" content=\"Touzeau Arts de la Table\" \/>\n<meta property=\"article:modified_time\" content=\"2025-12-31T14:17:20+00:00\" \/>\n<meta property=\"og:image\" content=\"https:\/\/touzeau.swiss\/wp-content\/uploads\/2025\/09\/000010.webp\" \/>\n\t<meta property=\"og:image:width\" content=\"150\" \/>\n\t<meta property=\"og:image:height\" content=\"150\" \/>\n\t<meta property=\"og:image:type\" content=\"image\/webp\" \/>\n<meta name=\"twitter:card\" content=\"summary_large_image\" \/>\n<meta name=\"twitter:label1\" content=\"Estimated reading time\" \/>\n\t<meta name=\"twitter:data1\" content=\"3 minutes\" \/>\n<script type=\"application\/ld+json\" class=\"yoast-schema-graph\">{\"@context\":\"https:\\\/\\\/schema.org\",\"@graph\":[{\"@type\":\"WebPage\",\"@id\":\"https:\\\/\\\/touzeau.swiss\\\/mon-compte\",\"url\":\"https:\\\/\\\/touzeau.swiss\\\/mon-compte\",\"name\":\"Mon compte - Touzeau, Arts de la Table et D\u00e9coration Gen\u00e8ve\",\"isPartOf\":{\"@id\":\"https:\\\/\\\/touzeau.swiss\\\/#website\"},\"primaryImageOfPage\":{\"@id\":\"https:\\\/\\\/touzeau.swiss\\\/mon-compte#primaryimage\"},\"image\":{\"@id\":\"https:\\\/\\\/touzeau.swiss\\\/mon-compte#primaryimage\"},\"thumbnailUrl\":\"https:\\\/\\\/touzeau.swiss\\\/wp-content\\\/uploads\\\/2025\\\/09\\\/000010.webp\",\"datePublished\":\"2024-08-24T15:26:57+00:00\",\"dateModified\":\"2025-12-31T14:17:20+00:00\",\"description\":\"Acc\u00e9dez \u00e0 votre compte Monique Touzeau \u00e0 Gen\u00e8ve pour suivre vos commandes et g\u00e9rer vos informations personnelles en toute simplicit\u00e9.\",\"breadcrumb\":{\"@id\":\"https:\\\/\\\/touzeau.swiss\\\/mon-compte#breadcrumb\"},\"inLanguage\":\"en-GB\",\"potentialAction\":[{\"@type\":\"ReadAction\",\"target\":[\"https:\\\/\\\/touzeau.swiss\\\/mon-compte\"]}]},{\"@type\":\"ImageObject\",\"inLanguage\":\"en-GB\",\"@id\":\"https:\\\/\\\/touzeau.swiss\\\/mon-compte#primaryimage\",\"url\":\"https:\\\/\\\/touzeau.swiss\\\/wp-content\\\/uploads\\\/2025\\\/09\\\/000010.webp\",\"contentUrl\":\"https:\\\/\\\/touzeau.swiss\\\/wp-content\\\/uploads\\\/2025\\\/09\\\/000010.webp\",\"width\":150,\"height\":150},{\"@type\":\"BreadcrumbList\",\"@id\":\"https:\\\/\\\/touzeau.swiss\\\/mon-compte#breadcrumb\",\"itemListElement\":[{\"@type\":\"ListItem\",\"position\":1,\"name\":\"Accueil\",\"item\":\"https:\\\/\\\/touzeau.swiss\\\/\"},{\"@type\":\"ListItem\",\"position\":2,\"name\":\"Mon Compte\"}]},{\"@type\":\"WebSite\",\"@id\":\"https:\\\/\\\/touzeau.swiss\\\/#website\",\"url\":\"https:\\\/\\\/touzeau.swiss\\\/\",\"name\":\"Touzeau Arts de la Table\",\"description\":\"\",\"potentialAction\":[{\"@type\":\"SearchAction\",\"target\":{\"@type\":\"EntryPoint\",\"urlTemplate\":\"https:\\\/\\\/touzeau.swiss\\\/?s={search_term_string}\"},\"query-input\":{\"@type\":\"PropertyValueSpecification\",\"valueRequired\":true,\"valueName\":\"search_term_string\"}}],\"inLanguage\":\"en-GB\"}]}<\/script>\n<!-- \/ Yoast SEO plugin. -->","yoast_head_json":{"title":"My account - Touzeau, Tableware and Decor Geneva","description":"Access your Monique Touzeau account in Geneva to track your orders and manage your personal information with ease.","robots":{"index":"index","follow":"follow","max-snippet":"max-snippet:-1","max-image-preview":"max-image-preview:large","max-video-preview":"max-video-preview:-1"},"canonical":"https:\/\/touzeau.swiss\/en\/my-account\/","og_locale":"en_GB","og_type":"article","og_title":"Mon compte - Touzeau, Arts de la Table et D\u00e9coration Gen\u00e8ve","og_description":"Acc\u00e9dez \u00e0 votre compte Monique Touzeau \u00e0 Gen\u00e8ve pour suivre vos commandes et g\u00e9rer vos informations personnelles en toute simplicit\u00e9.","og_url":"https:\/\/touzeau.swiss\/en\/my-account\/","og_site_name":"Touzeau Arts de la Table","article_modified_time":"2025-12-31T14:17:20+00:00","og_image":[{"width":150,"height":150,"url":"https:\/\/touzeau.swiss\/wp-content\/uploads\/2025\/09\/000010.webp","type":"image\/webp"}],"twitter_card":"summary_large_image","twitter_misc":{"Estimated reading time":"3 minutes"},"schema":{"@context":"https:\/\/schema.org","@graph":[{"@type":"WebPage","@id":"https:\/\/touzeau.swiss\/mon-compte","url":"https:\/\/touzeau.swiss\/mon-compte","name":"My account - Touzeau, Tableware and Decor Geneva","isPartOf":{"@id":"https:\/\/touzeau.swiss\/#website"},"primaryImageOfPage":{"@id":"https:\/\/touzeau.swiss\/mon-compte#primaryimage"},"image":{"@id":"https:\/\/touzeau.swiss\/mon-compte#primaryimage"},"thumbnailUrl":"https:\/\/touzeau.swiss\/wp-content\/uploads\/2025\/09\/000010.webp","datePublished":"2024-08-24T15:26:57+00:00","dateModified":"2025-12-31T14:17:20+00:00","description":"Access your Monique Touzeau account in Geneva to track your orders and manage your personal information with ease.","breadcrumb":{"@id":"https:\/\/touzeau.swiss\/mon-compte#breadcrumb"},"inLanguage":"en-GB","potentialAction":[{"@type":"ReadAction","target":["https:\/\/touzeau.swiss\/mon-compte"]}]},{"@type":"ImageObject","inLanguage":"en-GB","@id":"https:\/\/touzeau.swiss\/mon-compte#primaryimage","url":"https:\/\/touzeau.swiss\/wp-content\/uploads\/2025\/09\/000010.webp","contentUrl":"https:\/\/touzeau.swiss\/wp-content\/uploads\/2025\/09\/000010.webp","width":150,"height":150},{"@type":"BreadcrumbList","@id":"https:\/\/touzeau.swiss\/mon-compte#breadcrumb","itemListElement":[{"@type":"ListItem","position":1,"name":"Accueil","item":"https:\/\/touzeau.swiss\/"},{"@type":"ListItem","position":2,"name":"Mon Compte"}]},{"@type":"WebSite","@id":"https:\/\/touzeau.swiss\/#website","url":"https:\/\/touzeau.swiss\/","name":"Touzeau Tableware","description":"","potentialAction":[{"@type":"SearchAction","target":{"@type":"EntryPoint","urlTemplate":"https:\/\/touzeau.swiss\/?s={search_term_string}"},"query-input":{"@type":"PropertyValueSpecification","valueRequired":true,"valueName":"search_term_string"}}],"inLanguage":"en-GB"}]}},"_links":{"self":[{"href":"https:\/\/touzeau.swiss\/en\/wp-json\/wp\/v2\/pages\/581","targetHints":{"allow":["GET"]}}],"collection":[{"href":"https:\/\/touzeau.swiss\/en\/wp-json\/wp\/v2\/pages"}],"about":[{"href":"https:\/\/touzeau.swiss\/en\/wp-json\/wp\/v2\/types\/page"}],"author":[{"embeddable":true,"href":"https:\/\/touzeau.swiss\/en\/wp-json\/wp\/v2\/users\/1"}],"replies":[{"embeddable":true,"href":"https:\/\/touzeau.swiss\/en\/wp-json\/wp\/v2\/comments?post=581"}],"version-history":[{"count":691,"href":"https:\/\/touzeau.swiss\/en\/wp-json\/wp\/v2\/pages\/581\/revisions"}],"predecessor-version":[{"id":19613,"href":"https:\/\/touzeau.swiss\/en\/wp-json\/wp\/v2\/pages\/581\/revisions\/19613"}],"wp:featuredmedia":[{"embeddable":true,"href":"https:\/\/touzeau.swiss\/en\/wp-json\/wp\/v2\/media\/15142"}],"wp:attachment":[{"href":"https:\/\/touzeau.swiss\/en\/wp-json\/wp\/v2\/media?parent=581"}],"curies":[{"name":"wp","href":"https:\/\/api.w.org\/{rel}","templated":true}]}}